{"id":8,"date":"2024-05-21T17:35:04","date_gmt":"2024-05-21T15:35:04","guid":{"rendered":"https:\/\/finorgaconseils.com\/?page_id=8"},"modified":"2025-10-07T16:47:29","modified_gmt":"2025-10-07T14:47:29","slug":"accueil-2","status":"publish","type":"page","link":"https:\/\/finorgaconseils.com\/","title":{"rendered":"Accueil"},"content":{"rendered":"\n<h1 class=\"wp-block-heading\">Direction administrative et financi\u00e8re externalis\u00e9e en Gironde<\/h1>\n\n\n\n<hr class=\"wp-block-separator has-alpha-channel-opacity\"\/>\n\n\n\n<h2 class=\"wp-block-heading is-style-asterisk has-contrast-color has-text-color has-link-color wp-elements-792f58273fa02c2ebd1b666f25c1b7e2\">Conseils aux entreprises en gestion, finance et organisation administrative<\/h2>\n\n\n\n<p><\/p>\n\n\n\n<h2 class=\"wp-block-heading is-style-asterisk has-contrast-color has-text-color has-link-color wp-elements-859856dc03d1d3f4f663e3173b10332f\">Pourquoi un DAF externalis\u00e9&nbsp;?<\/h2>\n\n\n\n<p><\/p>\n\n\n\n<p><strong>Parce qu\u2019un DAF externalis\u00e9 est avant tout une personne exp\u00e9riment\u00e9e et de confiance<\/strong>. Un professionnel dot\u00e9 de plus de 15 ann\u00e9es d\u2019exp\u00e9rience dans diff\u00e9rents secteurs d\u2019activit\u00e9s et diverses organisations met \u00e0 votre service ses savoirs.<\/p>\n\n\n\n<p><strong>Parce que vous ma\u00eetrisez le budget<\/strong>. En fonction des sujets \u00e0 traiter, vous vous accordez sur un nombre de jours \u00e0 passer ou sur un forfait en \u20ac. Pas de surprise, pas de co\u00fbt cach\u00e9. Vous ne payez que les jours travaill\u00e9s.<\/p>\n\n\n\n<p><strong>Pour la flexibilit\u00e9<\/strong>. De quelques heures \u00e0 plusieurs jours par semaine, c\u2019est vous qui r\u00e9glez le curseur. Il peut s\u2019agir d\u2019un suivi dans le temps ou d\u2019un besoin ponctuel. La prestation commence quand vous le d\u00e9cidez et se termine une fois le travail pr\u00e9vu achev\u00e9 ou quand vous le souhaitez.<\/p>\n\n\n\n<p><strong>Pour avoir une personne imm\u00e9diatement op\u00e9rationnelle<\/strong>. Entre exp\u00e9rience et regard neuf sur votre entreprise, votre activit\u00e9 et votre organisation, vous b\u00e9n\u00e9ficiez d\u2019un accompagnement personnalis\u00e9 par une personne ind\u00e9pendante. Pas de tabou, c\u2019est en osant se parler franchement qu\u2019on gagne en efficacit\u00e9.<\/p>\n\n\n\n<p><strong>Parce que les chiffres expliqu\u00e9s et exploit\u00e9s dans la bonne humeur et avec le sourire, c\u2019est tellement plus agr\u00e9able&nbsp;!<\/strong><\/p>\n\n\n\n<figure class=\"wp-block-image size-full\"><img loading=\"lazy\" decoding=\"async\" width=\"275\" height=\"183\" src=\"https:\/\/finorgaconseils.com\/wp-content\/uploads\/2025\/10\/Sans-titre.jpeg\" alt=\"\" class=\"wp-image-107\"\/><\/figure>\n","protected":false},"excerpt":{"rendered":"<p>Direction administrative et financi\u00e8re externalis\u00e9e en Gironde Conseils aux entreprises en gestion, finance et organisation administrative Pourquoi un DAF externalis\u00e9&nbsp;? Parce qu\u2019un DAF externalis\u00e9 est avant tout une personne exp\u00e9riment\u00e9e et de confiance. Un professionnel dot\u00e9 de plus de 15 ann\u00e9es d\u2019exp\u00e9rience dans diff\u00e9rents secteurs d\u2019activit\u00e9s et diverses organisations met \u00e0 votre service ses savoirs.&hellip;&nbsp;<a href=\"https:\/\/finorgaconseils.com\/\" rel=\"bookmark\"><span class=\"screen-reader-text\">Accueil<\/span><\/a><\/p>\n","protected":false},"author":1,"featured_media":0,"parent":0,"menu_order":0,"comment_status":"closed","ping_status":"closed","template":"","meta":{"neve_meta_sidebar":"","neve_meta_container":"","neve_meta_enable_content_width":"","neve_meta_content_width":0,"neve_meta_title_alignment":"","neve_meta_author_avatar":"","neve_post_elements_order":"","neve_meta_disable_header":"","neve_meta_disable_footer":"","neve_meta_disable_title":"","footnotes":""},"class_list":["post-8","page","type-page","status-publish","hentry"],"_links":{"self":[{"href":"https:\/\/finorgaconseils.com\/index.php\/wp-json\/wp\/v2\/pages\/8","targetHints":{"allow":["GET"]}}],"collection":[{"href":"https:\/\/finorgaconseils.com\/index.php\/wp-json\/wp\/v2\/pages"}],"about":[{"href":"https:\/\/finorgaconseils.com\/index.php\/wp-json\/wp\/v2\/types\/page"}],"author":[{"embeddable":true,"href":"https:\/\/finorgaconseils.com\/index.php\/wp-json\/wp\/v2\/users\/1"}],"replies":[{"embeddable":true,"href":"https:\/\/finorgaconseils.com\/index.php\/wp-json\/wp\/v2\/comments?post=8"}],"version-history":[{"count":9,"href":"https:\/\/finorgaconseils.com\/index.php\/wp-json\/wp\/v2\/pages\/8\/revisions"}],"predecessor-version":[{"id":108,"href":"https:\/\/finorgaconseils.com\/index.php\/wp-json\/wp\/v2\/pages\/8\/revisions\/108"}],"wp:attachment":[{"href":"https:\/\/finorgaconseils.com\/index.php\/wp-json\/wp\/v2\/media?parent=8"}],"curies":[{"name":"wp","href":"https:\/\/api.w.org\/{rel}","templated":true}]}}