{"id":22,"date":"2024-05-21T18:09:36","date_gmt":"2024-05-21T16:09:36","guid":{"rendered":"https:\/\/finorgaconseils.com\/?page_id=22"},"modified":"2025-09-27T16:57:48","modified_gmt":"2025-09-27T14:57:48","slug":"a-propos","status":"publish","type":"page","link":"https:\/\/finorgaconseils.com\/index.php\/a-propos\/","title":{"rendered":"A propos"},"content":{"rendered":"\n<div class=\"wp-block-media-text is-stacked-on-mobile\" style=\"grid-template-columns:25% auto\"><figure class=\"wp-block-media-text__media\"><img loading=\"lazy\" decoding=\"async\" width=\"500\" height=\"500\" src=\"http:\/\/finorgaconseils.com\/wp-content\/uploads\/2024\/05\/gaelle-dexemple-daf-conseils-entreprises-photo.jpg.jpg\" alt=\"\" class=\"wp-image-14 size-full\" srcset=\"https:\/\/finorgaconseils.com\/wp-content\/uploads\/2024\/05\/gaelle-dexemple-daf-conseils-entreprises-photo.jpg.jpg 500w, https:\/\/finorgaconseils.com\/wp-content\/uploads\/2024\/05\/gaelle-dexemple-daf-conseils-entreprises-photo.jpg-300x300.jpg 300w, https:\/\/finorgaconseils.com\/wp-content\/uploads\/2024\/05\/gaelle-dexemple-daf-conseils-entreprises-photo.jpg-150x150.jpg 150w\" sizes=\"auto, (max-width: 500px) 100vw, 500px\" \/><\/figure><div class=\"wp-block-media-text__content\">\n<p>Je m\u2019appelle Ga\u00eblle DEXEMPLE.<\/p>\n<\/div><\/div>\n\n\n\n<p>Je suis arriv\u00e9e sur Bordeaux en 2002 pour finir mes \u00e9tudes d\u2019expertise comptable en cabinet (dipl\u00f4m\u00e9e depuis 2007). J\u2019exerce depuis 15 ans dans la fonction finance au sein de diverses entreprises, du grand groupe comme Point P ou Cultura au groupe familial comme AC BOIS. Mon dernier poste salari\u00e9 \u00e9tait directeur administratif et financier chez Compagnie Fiduciaire, un cabinet d\u2019expertise comptable \u00e0 vocation nationale.<\/p>\n\n\n\n<p>Cela m\u2019a permis de conna\u00eetre diff\u00e9rentes organisations d\u2019entreprises, diff\u00e9rentes mani\u00e8res d\u2019aborder les affaires et de g\u00e9rer les \u00e9quipes et surtout de conna\u00eetre diff\u00e9rentes phases de la vie de l\u2019entreprise&nbsp;: de la forte croissance \u00e0 la crise n\u00e9cessitant une profonde restructuration et un all\u00e8gement des charges.<\/p>\n\n\n\n<p>Aujourd\u2019hui ce qui m\u2019anime est de pouvoir apporter mes savoirs-faire et savoirs-\u00eatre \u00e0 une entreprise de mani\u00e8re ind\u00e9pendante pour r\u00e9pondre \u00e0 un besoin ou \u00e0 une probl\u00e9matique. Un chef d\u2019entreprise doit avoir de multiples casquettes mais il ne peut pas tout faire tout seul.<\/p>\n\n\n\n<p>Mes principales caract\u00e9ristiques&nbsp;: un grand sens du service, exigeante sur la qualit\u00e9, capacit\u00e9 d\u2019\u00e9coute et le sourire&nbsp;! Membre de l\u2019association des DAF et Contr\u00f4leurs de Gestion (DFCG) et du MEDEF.<\/p>\n","protected":false},"excerpt":{"rendered":"<p>Je m\u2019appelle Ga\u00eblle DEXEMPLE. Je suis arriv\u00e9e sur Bordeaux en 2002 pour finir mes \u00e9tudes d\u2019expertise comptable en cabinet (dipl\u00f4m\u00e9e depuis 2007). J\u2019exerce depuis 15 ans dans la fonction finance au sein de diverses entreprises, du grand groupe comme Point P ou Cultura au groupe familial comme AC BOIS. Mon dernier poste salari\u00e9 \u00e9tait directeur&hellip;&nbsp;<a href=\"https:\/\/finorgaconseils.com\/index.php\/a-propos\/\" rel=\"bookmark\"><span class=\"screen-reader-text\">A propos<\/span><\/a><\/p>\n","protected":false},"author":1,"featured_media":0,"parent":0,"menu_order":0,"comment_status":"closed","ping_status":"closed","template":"","meta":{"neve_meta_sidebar":"","neve_meta_container":"","neve_meta_enable_content_width":"","neve_meta_content_width":0,"neve_meta_title_alignment":"","neve_meta_author_avatar":"","neve_post_elements_order":"","neve_meta_disable_header":"","neve_meta_disable_footer":"","neve_meta_disable_title":"","footnotes":""},"class_list":["post-22","page","type-page","status-publish","hentry"],"_links":{"self":[{"href":"https:\/\/finorgaconseils.com\/index.php\/wp-json\/wp\/v2\/pages\/22","targetHints":{"allow":["GET"]}}],"collection":[{"href":"https:\/\/finorgaconseils.com\/index.php\/wp-json\/wp\/v2\/pages"}],"about":[{"href":"https:\/\/finorgaconseils.com\/index.php\/wp-json\/wp\/v2\/types\/page"}],"author":[{"embeddable":true,"href":"https:\/\/finorgaconseils.com\/index.php\/wp-json\/wp\/v2\/users\/1"}],"replies":[{"embeddable":true,"href":"https:\/\/finorgaconseils.com\/index.php\/wp-json\/wp\/v2\/comments?post=22"}],"version-history":[{"count":1,"href":"https:\/\/finorgaconseils.com\/index.php\/wp-json\/wp\/v2\/pages\/22\/revisions"}],"predecessor-version":[{"id":23,"href":"https:\/\/finorgaconseils.com\/index.php\/wp-json\/wp\/v2\/pages\/22\/revisions\/23"}],"wp:attachment":[{"href":"https:\/\/finorgaconseils.com\/index.php\/wp-json\/wp\/v2\/media?parent=22"}],"curies":[{"name":"wp","href":"https:\/\/api.w.org\/{rel}","templated":true}]}}