{"id":19,"date":"2024-05-21T18:08:17","date_gmt":"2024-05-21T16:08:17","guid":{"rendered":"https:\/\/finorgaconseils.com\/?page_id=19"},"modified":"2025-09-27T16:57:48","modified_gmt":"2025-09-27T14:57:48","slug":"prestations","status":"publish","type":"page","link":"https:\/\/finorgaconseils.com\/index.php\/prestations\/","title":{"rendered":"Prestations"},"content":{"rendered":"\n<h2 class=\"wp-block-heading\">Gestion<\/h2>\n\n\n\n<div class=\"wp-block-media-text is-stacked-on-mobile\"><figure class=\"wp-block-media-text__media\"><img loading=\"lazy\" decoding=\"async\" width=\"275\" height=\"183\" src=\"http:\/\/finorgaconseils.com\/wp-content\/uploads\/2024\/05\/images3.jpg\" alt=\"\" class=\"wp-image-16 size-full\"\/><\/figure><div class=\"wp-block-media-text__content\">\n<ul class=\"wp-block-list\">\n<li>Accompagnement du dirigeant dans la gestion et l\u2019administration de son entreprise<\/li>\n\n\n\n<li>Conseils et aide \u00e0 la d\u00e9cision (investissement\u2026)<\/li>\n\n\n\n<li>Cr\u00e9ation d\u2019outils de pilotage (tableaux de bord d\u2019activit\u00e9, budgets, reportings r\u00e9guliers)<\/li>\n\n\n\n<li>Analyse de rentabilit\u00e9 d\u2019un produit ou d\u2019une activit\u00e9<\/li>\n<\/ul>\n<\/div><\/div>\n\n\n\n<h2 class=\"wp-block-heading\">Finance<\/h2>\n\n\n\n<div class=\"wp-block-media-text has-media-on-the-right is-stacked-on-mobile\"><div class=\"wp-block-media-text__content\">\n<ul class=\"wp-block-list\">\n<li>Gestion de la tr\u00e9sorerie&nbsp;: suivi et pr\u00e9visionnel<\/li>\n\n\n\n<li>Optimisation de la tr\u00e9sorerie&nbsp;: recherche de financements, n\u00e9gociation des d\u00e9lais de paiement, recouvrement de cr\u00e9ances, analyse du stock<\/li>\n\n\n\n<li>Gestion de projet et digitalisation de la fonction finance (mise en place d\u2019outils de notes de frais, changement de logiciel comptable, mise en place d\u2019un ERP)<\/li>\n<\/ul>\n<\/div><figure class=\"wp-block-media-text__media\"><img loading=\"lazy\" decoding=\"async\" width=\"274\" height=\"184\" src=\"http:\/\/finorgaconseils.com\/wp-content\/uploads\/2024\/05\/images4.jpg\" alt=\"\" class=\"wp-image-15 size-full\"\/><\/figure><\/div>\n\n\n\n<h2 class=\"wp-block-heading\">Organisation<\/h2>\n\n\n\n<div class=\"wp-block-media-text is-stacked-on-mobile\"><figure class=\"wp-block-media-text__media\"><img loading=\"lazy\" decoding=\"async\" width=\"196\" height=\"148\" src=\"http:\/\/finorgaconseils.com\/wp-content\/uploads\/2024\/05\/images1.jpg\" alt=\"\" class=\"wp-image-17 size-full\"\/><\/figure><div class=\"wp-block-media-text__content\">\n<ul class=\"wp-block-list\">\n<li>Organisation et management d\u2019\u00e9quipes<\/li>\n\n\n\n<li>Renfort ponctuel du DAF en poste ou remplacement p\u00e9riodique<\/li>\n<\/ul>\n<\/div><\/div>\n","protected":false},"excerpt":{"rendered":"<p>Gestion Finance Organisation<\/p>\n","protected":false},"author":1,"featured_media":0,"parent":0,"menu_order":0,"comment_status":"closed","ping_status":"closed","template":"","meta":{"neve_meta_sidebar":"","neve_meta_container":"","neve_meta_enable_content_width":"","neve_meta_content_width":0,"neve_meta_title_alignment":"","neve_meta_author_avatar":"","neve_post_elements_order":"","neve_meta_disable_header":"","neve_meta_disable_footer":"","neve_meta_disable_title":"","footnotes":""},"class_list":["post-19","page","type-page","status-publish","hentry"],"_links":{"self":[{"href":"https:\/\/finorgaconseils.com\/index.php\/wp-json\/wp\/v2\/pages\/19","targetHints":{"allow":["GET"]}}],"collection":[{"href":"https:\/\/finorgaconseils.com\/index.php\/wp-json\/wp\/v2\/pages"}],"about":[{"href":"https:\/\/finorgaconseils.com\/index.php\/wp-json\/wp\/v2\/types\/page"}],"author":[{"embeddable":true,"href":"https:\/\/finorgaconseils.com\/index.php\/wp-json\/wp\/v2\/users\/1"}],"replies":[{"embeddable":true,"href":"https:\/\/finorgaconseils.com\/index.php\/wp-json\/wp\/v2\/comments?post=19"}],"version-history":[{"count":2,"href":"https:\/\/finorgaconseils.com\/index.php\/wp-json\/wp\/v2\/pages\/19\/revisions"}],"predecessor-version":[{"id":21,"href":"https:\/\/finorgaconseils.com\/index.php\/wp-json\/wp\/v2\/pages\/19\/revisions\/21"}],"wp:attachment":[{"href":"https:\/\/finorgaconseils.com\/index.php\/wp-json\/wp\/v2\/media?parent=19"}],"curies":[{"name":"wp","href":"https:\/\/api.w.org\/{rel}","templated":true}]}}